{"id":85239,"date":"2026-04-19T14:34:02","date_gmt":"2026-04-19T13:34:02","guid":{"rendered":"https:\/\/revmatch.eu\/?post_type=product&#038;p=85239"},"modified":"2026-04-19T14:38:53","modified_gmt":"2026-04-19T13:38:53","slug":"kn-air-filter-set-bmw-g8x-m2-m3-m4-33-3171","status":"publish","type":"product","link":"https:\/\/revmatch.eu\/es\/product\/kn-air-filter-set-bmw-g8x-m2-m3-m4-33-3171\/","title":{"rendered":"K&#038;N Air Filter Set BMW G8X M2, M3 &#038; M4 | 33-3171"},"content":{"rendered":"<p><b>K&amp;N<\/b>\u00a0<b>33-3171<\/b>\u00a0aire de rendimiento\u00a0<b>filtro<\/b>\u00a0est\u00e1 dise\u00f1ado para un alto flujo de aire manteniendo los niveles de filtraci\u00f3n cr\u00edticos para asegurar una larga vida del motor de su coche o cami\u00f3n.<\/p>","protected":false},"excerpt":{"rendered":"<p><b>K&amp;N<\/b>\u00a0<b>33-3171<\/b>\u00a0aire de rendimiento\u00a0<b>filtro<\/b>\u00a0est\u00e1 dise\u00f1ado para un alto flujo de aire manteniendo los niveles de filtraci\u00f3n cr\u00edticos para asegurar una larga vida del motor de su coche o cami\u00f3n.<\/p>","protected":false},"featured_media":85240,"template":"","meta":{"_crdt_document":"","inline_featured_image":false},"product_brand":[],"product_cat":[452,454],"product_tag":[],"class_list":{"0":"post-85239","1":"product","2":"type-product","3":"status-publish","4":"has-post-thumbnail","6":"product_cat-air-filters","7":"product_cat-n55","9":"first","10":"onbackorder","11":"sale","12":"taxable","13":"shipping-taxable","14":"purchasable","15":"product-type-simple"},"supplier_id":null,"supplier_sku":"","barcode":null,"atum_controlled":true,"out_stock_date":"2026-04-19 14:34:02","out_stock_threshold":null,"inheritable":false,"inbound_stock":null,"stock_on_hold":null,"sold_today":null,"sales_last_days":null,"reserved_stock":null,"customer_returns":null,"warehouse_damage":null,"lost_in_post":null,"other_logs":null,"out_stock_days":0,"lost_sales":null,"has_location":false,"update_date":"2026-04-19T13:38:54","atum_locations":[],"atum_stock_status":"onbackorder","restock_status":false,"low_stock_amount":"","sales_update_date":"2025-12-09T11:37:02","calc_backorders":0,"_links":{"self":[{"href":"https:\/\/revmatch.eu\/es\/wp-json\/wp\/v2\/product\/85239","targetHints":{"allow":["GET"]}}],"collection":[{"href":"https:\/\/revmatch.eu\/es\/wp-json\/wp\/v2\/product"}],"about":[{"href":"https:\/\/revmatch.eu\/es\/wp-json\/wp\/v2\/types\/product"}],"version-history":[{"count":1,"href":"https:\/\/revmatch.eu\/es\/wp-json\/wp\/v2\/product\/85239\/revisions"}],"predecessor-version":[{"id":85242,"href":"https:\/\/revmatch.eu\/es\/wp-json\/wp\/v2\/product\/85239\/revisions\/85242"}],"wp:featuredmedia":[{"embeddable":true,"href":"https:\/\/revmatch.eu\/es\/wp-json\/wp\/v2\/media\/85240"}],"wp:attachment":[{"href":"https:\/\/revmatch.eu\/es\/wp-json\/wp\/v2\/media?parent=85239"}],"wp:term":[{"taxonomy":"product_brand","embeddable":true,"href":"https:\/\/revmatch.eu\/es\/wp-json\/wp\/v2\/product_brand?post=85239"},{"taxonomy":"product_cat","embeddable":true,"href":"https:\/\/revmatch.eu\/es\/wp-json\/wp\/v2\/product_cat?post=85239"},{"taxonomy":"product_tag","embeddable":true,"href":"https:\/\/revmatch.eu\/es\/wp-json\/wp\/v2\/product_tag?post=85239"}],"curies":[{"name":"wp","href":"https:\/\/api.w.org\/{rel}","templated":true}]}}