{"id":85465,"date":"2026-04-21T19:19:59","date_gmt":"2026-04-21T18:19:59","guid":{"rendered":"https:\/\/revmatch.eu\/product\/ferodo-racing-ds2500-fcp4868h\/"},"modified":"2026-04-22T10:35:57","modified_gmt":"2026-04-22T09:35:57","slug":"ferodo-racing-ds2500-fcp4868h","status":"publish","type":"product","link":"https:\/\/revmatch.eu\/es\/product\/ferodo-racing-ds2500-fcp4868h\/","title":{"rendered":"Ferodo Racing DS2500 &#8211; FCP4868H"},"content":{"rendered":"<p><strong>FCP4868<\/strong><\/p>\n<p>\n<b>Compuesto: DS2500 <\/b><br \/>SIN CERTIFICACI\u00d3N R90 <a data-boundary=\"window\" data-toggle=\"tooltip\" data-trigger=\"hover focus click\" style=\"color:red;cursor:pointer\" title=\"Este compuesto no est\u00e1 recomendado para uso en carretera en aquellos pa\u00edses que requieren certificaci\u00f3n R90.\"><br \/>\n<i class=\"fas fa-info-circle\"><\/i><br \/>\n<\/a><br \/>Para: D\u00eda de pista, uso ligero en carreras, GT trasero<br \/>Temperatura de funcionamiento \u00f3ptima: 0\u00b0 a 500\u00b0C\n                                                                                                                                            <\/p>\n<p>&nbsp;<\/p>\n<p>Compatible con:<br \/>\n&nbsp;<\/p>\n<details>\n<summary>HONDA<\/summary>\n<p>CIVIC X Hatchback (FC_, FK_) 09.2016 1.0 VTEC:<\/p>\n<ul>\n<li>KW: 93<\/li>\n<li>FROM &gt; TO: 2018 &gt; 2022<\/li>\n<li>POSICI\u00d3N: DELANTERO<\/li>\n<\/ul>\n<p>CIVIC X Saloon (FC_) 09.2015 1.0 iVTEC (FC9):<\/p>\n<ul>\n<li>KW: 93<\/li>\n<li>FROM &gt; TO: 2018 &gt; 2022<\/li>\n<li>POSICI\u00d3N: DELANTERO<\/li>\n<\/ul>\n<p>CIVIC X Saloon (FC_) 09.2015 1.5 RS Turbo (FC1):<\/p>\n<ul>\n<li>kilovatios: 127<\/li>\n<li>DESDE &gt; HASTA: 2016 &gt; <\/li>\n<li>POSICI\u00d3N: DELANTERO<\/li>\n<\/ul>\n<p>CIVIC IX (FK) 02.2012 &#8211; 12.2016 1.6 i-DTEC (FK3):<\/p>\n<ul>\n<li>kilovatios: 88<\/li>\n<li>DESDE &gt; HASTA: 2013 &gt; 2016<\/li>\n<li>POSICI\u00d3N: DELANTERO<\/li>\n<\/ul>\n<p>CIVIC IX Tourer (FK) 01.2014 &#8211; 12.2016 1.6 i-DTEC (FK3):<\/p>\n<ul>\n<li>kilovatios: 88<\/li>\n<li>DESDE &gt; HASTA: 2014 &gt; 2016<\/li>\n<li>POSICI\u00d3N: DELANTERO<\/li>\n<\/ul>\n<p>CIVIC VIII Saloon (FD, FA) 09.2005 &#8211; 05.2013 1.6:<\/p>\n<ul>\n<li>kilovatios: 92<\/li>\n<li>DESDE &gt; HASTA: 2012 &gt; 2012<\/li>\n<li>POSICI\u00d3N: DELANTERO<\/li>\n<\/ul>\n<p>CIVIC X Saloon (FC_) 09.2015 1.6 i-DTEC (FC8):<\/p>\n<ul>\n<li>kilovatios: 88<\/li>\n<li>FROM &gt; TO: 2018 &gt; 2022<\/li>\n<li>POSICI\u00d3N: DELANTERO<\/li>\n<\/ul>\n<p>CIVIC IX Tourer (FK) 01.2014 &#8211; 12.2016 1.8 i-VTEC (FK2):<\/p>\n<ul>\n<li>kilovatios: 104<\/li>\n<li>DESDE &gt; HASTA: 2014 &gt; 2016<\/li>\n<li>POSICI\u00d3N: DELANTERO<\/li>\n<\/ul>\n<p>CIVIC IX (FK) 02.2012 &#8211; 12.2016 2.2 i-DTEC (FK3):<\/p>\n<ul>\n<li>kilovatios: 110<\/li>\n<li>DESDE &gt; HASTA: 2012 &gt; 2016<\/li>\n<li>POSICI\u00d3N: DELANTERO<\/li>\n<\/ul>\n<\/details>","protected":false},"excerpt":{"rendered":"<p><strong>FCP4868<\/strong><\/p>\n<p>\n<b>Compuesto: DS2500 <\/b><br \/>SIN CERTIFICACI\u00d3N R90 <a data-boundary=\"window\" data-toggle=\"tooltip\" data-trigger=\"hover focus click\" style=\"color:red;cursor:pointer\" title=\"Este compuesto no est\u00e1 recomendado para uso en carretera en aquellos pa\u00edses que requieren certificaci\u00f3n R90.\"><br \/>\n<i class=\"fas fa-info-circle\"><\/i><br \/>\n<\/a><br \/>Para: D\u00eda de pista, uso ligero en carreras, GT trasero<br \/>Temperatura de funcionamiento \u00f3ptima: 0\u00b0 a 500\u00b0C\n                                                                                                                                            <\/p>","protected":false},"featured_media":85463,"template":"","meta":{"_crdt_document":"","inline_featured_image":false},"product_brand":[467],"product_cat":[116],"product_tag":[],"class_list":{"0":"post-85465","1":"product","2":"type-product","3":"status-publish","4":"has-post-thumbnail","6":"product_brand-ferodo-racing","7":"product_cat-brake-pads","9":"first","10":"instock","11":"sale","12":"taxable","13":"shipping-taxable","14":"purchasable","15":"product-type-simple"},"supplier_id":null,"supplier_sku":"","barcode":null,"atum_controlled":false,"out_stock_date":null,"out_stock_threshold":null,"inheritable":false,"inbound_stock":null,"stock_on_hold":null,"sold_today":null,"sales_last_days":null,"reserved_stock":null,"customer_returns":null,"warehouse_damage":null,"lost_in_post":null,"other_logs":null,"out_stock_days":null,"lost_sales":null,"has_location":null,"update_date":"2026-04-22T09:36:06","atum_locations":[],"atum_stock_status":"instock","restock_status":false,"low_stock_amount":"","sales_update_date":null,"calc_backorders":null,"_links":{"self":[{"href":"https:\/\/revmatch.eu\/es\/wp-json\/wp\/v2\/product\/85465","targetHints":{"allow":["GET"]}}],"collection":[{"href":"https:\/\/revmatch.eu\/es\/wp-json\/wp\/v2\/product"}],"about":[{"href":"https:\/\/revmatch.eu\/es\/wp-json\/wp\/v2\/types\/product"}],"version-history":[{"count":1,"href":"https:\/\/revmatch.eu\/es\/wp-json\/wp\/v2\/product\/85465\/revisions"}],"predecessor-version":[{"id":85777,"href":"https:\/\/revmatch.eu\/es\/wp-json\/wp\/v2\/product\/85465\/revisions\/85777"}],"wp:featuredmedia":[{"embeddable":true,"href":"https:\/\/revmatch.eu\/es\/wp-json\/wp\/v2\/media\/85463"}],"wp:attachment":[{"href":"https:\/\/revmatch.eu\/es\/wp-json\/wp\/v2\/media?parent=85465"}],"wp:term":[{"taxonomy":"product_brand","embeddable":true,"href":"https:\/\/revmatch.eu\/es\/wp-json\/wp\/v2\/product_brand?post=85465"},{"taxonomy":"product_cat","embeddable":true,"href":"https:\/\/revmatch.eu\/es\/wp-json\/wp\/v2\/product_cat?post=85465"},{"taxonomy":"product_tag","embeddable":true,"href":"https:\/\/revmatch.eu\/es\/wp-json\/wp\/v2\/product_tag?post=85465"}],"curies":[{"name":"wp","href":"https:\/\/api.w.org\/{rel}","templated":true}]}}