{"id":85496,"date":"2026-04-21T19:22:04","date_gmt":"2026-04-21T18:22:04","guid":{"rendered":"https:\/\/revmatch.eu\/product\/ferodo-racing-ds2500-fcp5356h\/"},"modified":"2026-04-22T10:36:53","modified_gmt":"2026-04-22T09:36:53","slug":"ferodo-racing-ds2500-fcp5356h","status":"publish","type":"product","link":"https:\/\/revmatch.eu\/es\/product\/ferodo-racing-ds2500-fcp5356h\/","title":{"rendered":"Ferodo Racing DS2500 &#8211; FCP5356H"},"content":{"rendered":"<p><strong>FCP5356<\/strong><\/p>\n<p>\n<b>Compuesto: DS2500 <\/b><br \/>SIN CERTIFICACI\u00d3N R90 <a data-boundary=\"window\" data-toggle=\"tooltip\" data-trigger=\"hover focus click\" style=\"color:red;cursor:pointer\" title=\"Este compuesto no est\u00e1 recomendado para uso en carretera en aquellos pa\u00edses que requieren certificaci\u00f3n R90.\"><br \/>\n<i class=\"fas fa-info-circle\"><\/i><br \/>\n<\/a><br \/>Para: D\u00eda de pista, uso ligero en carreras, GT trasero<br \/>Temperatura de funcionamiento \u00f3ptima: 0\u00b0 a 500\u00b0C\n                                                                                                                                            <\/p>\n<p>&nbsp;<\/p>\n<p>Compatible con:<br \/>\n&nbsp;<\/p>\n<details>\n<summary>AUDI<\/summary>\n<p>A3 Sportback (8YA) 30 TFSI:<\/p>\n<ul>\n<li>kilovatios: 81<\/li>\n<li>DESDE &gt; HASTA: 2020 &gt; <\/li>\n<li>POSICI\u00d3N: TRASERA<\/li>\n<\/ul>\n<p>A3 Sportback (8YA) 30 TFSI H\u00edbrido suave:<\/p>\n<ul>\n<li>kilovatios: 81<\/li>\n<li>DESDE &gt; HASTA: 2020 &gt; <\/li>\n<li>POSICI\u00d3N: TRASERA<\/li>\n<\/ul>\n<p>A3 Allstreet (8YH) 40 TFSIe:<\/p>\n<ul>\n<li>kilovatios: 150<\/li>\n<li>DESDE &gt; HASTA: 2022 &gt; <\/li>\n<li>POSICI\u00d3N: TRASERA<\/li>\n<\/ul>\n<p>A3 Sportback (8YA) 40 TFSIe:<\/p>\n<ul>\n<li>kilovatios: 150<\/li>\n<li>DESDE &gt; HASTA: 2020 &gt; <\/li>\n<li>POSICI\u00d3N: TRASERA<\/li>\n<\/ul>\n<p>A3 Sportback (8YA) 35 TFSi:<\/p>\n<ul>\n<li>kilovatios: 110<\/li>\n<li>DESDE &gt; HASTA: 2021 &gt; <\/li>\n<li>POSICI\u00d3N: TRASERA<\/li>\n<\/ul>\n<p>A3 Allstreet (8YH) 35 TFSI H\u00edbrido suave:<\/p>\n<ul>\n<li>kilovatios: 110<\/li>\n<li>DESDE &gt; HASTA: 2022 &gt; <\/li>\n<li>POSICI\u00d3N: TRASERA<\/li>\n<\/ul>\n<p>A3 Sportback (8YA) 35 TFSI:<\/p>\n<ul>\n<li>kilovatios: 110<\/li>\n<li>DESDE &gt; HASTA: 2019 &gt; <\/li>\n<li>POSICI\u00d3N: TRASERA<\/li>\n<\/ul>\n<p>A3 Sportback (8YA) 35 TFSI H\u00edbrido suave:<\/p>\n<ul>\n<li>kilovatios: 110<\/li>\n<li>DESDE &gt; HASTA: 2020 &gt; <\/li>\n<li>POSICI\u00d3N: TRASERA<\/li>\n<\/ul>\n<p>A3 Sportback (8YA) 30 g-tron:<\/p>\n<ul>\n<li>kilovatios: 96<\/li>\n<li>DESDE &gt; HASTA: 2020 &gt; <\/li>\n<li>POSICI\u00d3N: TRASERA<\/li>\n<\/ul>\n<p>A3 Allstreet (8YH) 35 TDI:<\/p>\n<ul>\n<li>kilovatios: 110<\/li>\n<li>DESDE &gt; HASTA: 2022 &gt; <\/li>\n<li>POSICI\u00d3N: TRASERA<\/li>\n<\/ul>\n<p>A3 Sportback (8YA) 30 TDI:<\/p>\n<ul>\n<li>kilovatios: 85<\/li>\n<li>DESDE &gt; HASTA: 2019 &gt; <\/li>\n<li>POSICI\u00d3N: TRASERA<\/li>\n<\/ul>\n<p>A3 Sportback (8YA) 35 TDI:<\/p>\n<ul>\n<li>kilovatios: 110<\/li>\n<li>DESDE &gt; HASTA: 2019 &gt; <\/li>\n<li>POSICI\u00d3N: TRASERA<\/li>\n<\/ul>\n<p>A3 Allstreet (8YH) 40 TFSI quattro:<\/p>\n<ul>\n<li>kilovatios: 140<\/li>\n<li>DESDE &gt; HASTA: 2022 &gt; <\/li>\n<li>POSICI\u00d3N: TRASERA<\/li>\n<\/ul>\n<p>A3 Sportback (8YA) 2.0 40 TFSI:<\/p>\n<ul>\n<li>kilovatios: 150<\/li>\n<li>DESDE &gt; HASTA: 2021 &gt; <\/li>\n<li>POSICI\u00d3N: TRASERA<\/li>\n<\/ul>\n<\/details>\n<details>\n<summary>CUPRA<\/summary>\n<p>FORMENTOR (KM7) 1.4 e-H\u00cdBRIDO:<\/p>\n<ul>\n<li>kilovatios: 150<\/li>\n<li>DESDE &gt; HASTA: 2021 &gt; <\/li>\n<li>POSICI\u00d3N: TRASERA<\/li>\n<\/ul>\n<p>LEON (KL1, KU1) 1.4 e-H\u00cdBRIDO:<\/p>\n<ul>\n<li>kilovatios: 150<\/li>\n<li>DESDE &gt; HASTA: 2020 &gt; <\/li>\n<li>POSICI\u00d3N: TRASERA<\/li>\n<\/ul>\n<p>LE\u00d3N (KL1, KU1) e-H\u00cdBRIDO:<\/p>\n<ul>\n<li>kilovatios: 180<\/li>\n<li>DESDE &gt; HASTA: 2020 &gt; <\/li>\n<li>POSICI\u00d3N: TRASERA<\/li>\n<\/ul>\n<p>LEON Sportstourer (KL8, KU8) 1.4 e-H\u00cdBRIDO:<\/p>\n<ul>\n<li>kilovatios: 150<\/li>\n<li>DESDE &gt; HASTA: 2020 &gt; <\/li>\n<li>POSICI\u00d3N: TRASERA<\/li>\n<\/ul>\n<p>FORMENTOR (KM7) 1.5 TSI:<\/p>\n<ul>\n<li>kilovatios: 110<\/li>\n<li>DESDE &gt; HASTA: 2020 &gt; <\/li>\n<li>POSICI\u00d3N: TRASERA<\/li>\n<\/ul>\n<p>LEON (KL1, KU1) 1,5 eTSI:<\/p>\n<ul>\n<li>kilovatios: 110<\/li>\n<li>DESDE &gt; HASTA: 2022 &gt; <\/li>\n<li>POSICI\u00d3N: TRASERA<\/li>\n<\/ul>\n<p>LEON (KL1, KU1) 1,5 TSI:<\/p>\n<ul>\n<li>kilovatios: 110<\/li>\n<li>DESDE &gt; HASTA: 2022 &gt; <\/li>\n<li>POSICI\u00d3N: TRASERA<\/li>\n<\/ul>\n<p>LEON Sportstourer (KL8, KU8) 1.5 eTSI:<\/p>\n<ul>\n<li>kilovatios: 110<\/li>\n<li>DESDE &gt; HASTA: 2022 &gt; <\/li>\n<li>POSICI\u00d3N: TRASERA<\/li>\n<\/ul>\n<p>LEON Sportstourer (KL8, KU8) 1.5 TSI:<\/p>\n<ul>\n<li>kilovatios: 110<\/li>\n<li>DESDE &gt; HASTA: 2022 &gt; <\/li>\n<li>POSICI\u00d3N: TRASERA<\/li>\n<\/ul>\n<p>FORMENTOR (KM7) 2.0 TDI:<\/p>\n<ul>\n<li>kilovatios: 110<\/li>\n<li>DESDE &gt; HASTA: 2021 &gt; <\/li>\n<li>POSICI\u00d3N: TRASERA<\/li>\n<\/ul>\n<p>FORMENTOR (KM7) 2.0 TDI 4DRIVE:<\/p>\n<ul>\n<li>kilovatios: 110<\/li>\n<li>DESDE &gt; HASTA: 2021 &gt; <\/li>\n<li>POSICI\u00d3N: TRASERA<\/li>\n<\/ul>\n<p>LEON (KL1, KU1) 2.0 TDI:<\/p>\n<ul>\n<li>kilovatios: 110<\/li>\n<li>DESDE &gt; HASTA: 2022 &gt; <\/li>\n<li>POSICI\u00d3N: TRASERA<\/li>\n<\/ul>\n<p>LEON Sportstourer (KL8, KU8) 2.0 TDI:<\/p>\n<ul>\n<li>kilovatios: 110<\/li>\n<li>DESDE &gt; HASTA: 2022 &gt; <\/li>\n<li>POSICI\u00d3N: TRASERA<\/li>\n<\/ul>\n<p>LEON Sportstourer (KL8, KU8) 2.0 TDI 4Drive:<\/p>\n<ul>\n<li>kilovatios: 110<\/li>\n<li>DESDE &gt; HASTA: 2022 &gt; <\/li>\n<li>POSICI\u00d3N: TRASERA<\/li>\n<\/ul>\n<p>FORMENTOR (KM7) 2.0 TSI 4DRIVE:<\/p>\n<ul>\n<li>kilovatios: 140<\/li>\n<li>DESDE &gt; HASTA: 2020 &gt; <\/li>\n<li>POSICI\u00d3N: TRASERA<\/li>\n<\/ul>\n<p>FORMENTOR (KM7) 2.0 TSI:<\/p>\n<ul>\n<li>kilovatios: 140<\/li>\n<li>DESDE &gt; HASTA: 2021 &gt; <\/li>\n<li>POSICI\u00d3N: TRASERA<\/li>\n<\/ul>\n<p>LEON (KL1, KU1) 2.0 TSI:<\/p>\n<ul>\n<li>kilovatios: 180<\/li>\n<li>DESDE &gt; HASTA: 2021 &gt; <\/li>\n<li>POSICI\u00d3N: TRASERA<\/li>\n<\/ul>\n<p>LEON (KL1, KU1) 2.0 TSI:<\/p>\n<ul>\n<li>kilovatios: 221<\/li>\n<li>DESDE &gt; HASTA: 2021 &gt; <\/li>\n<li>POSICI\u00d3N: TRASERA<\/li>\n<\/ul>\n<p>LEON (KL1, KU1) 2.0 TSI:<\/p>\n<ul>\n<li>kilovatios: 140<\/li>\n<li>DESDE &gt; HASTA: 2022 &gt; <\/li>\n<li>POSICI\u00d3N: TRASERA<\/li>\n<\/ul>\n<p>LEON Sportstourer (KL8, KU8) 2.0 TSI:<\/p>\n<ul>\n<li>kilovatios: 140<\/li>\n<li>DESDE &gt; HASTA: 2022 &gt; <\/li>\n<li>POSICI\u00d3N: TRASERA<\/li>\n<\/ul>\n<\/details>\n<details>\n<summary>SEAT<\/summary>\n<p>LEON (KL1) 1.0 TSI:<\/p>\n<ul>\n<li>kilovatios: 81<\/li>\n<li>DESDE &gt; HASTA: 2020 &gt; <\/li>\n<li>POSICI\u00d3N: TRASERA<\/li>\n<\/ul>\n<p>LEON (KL1) 1.0 TSI:<\/p>\n<ul>\n<li>kilovatios: 66<\/li>\n<li>DESDE &gt; HASTA: 2020 &gt; <\/li>\n<li>POSICI\u00d3N: TRASERA<\/li>\n<\/ul>\n<p>LEON (KL1) 1.0 TSI H\u00edbrido suave:<\/p>\n<ul>\n<li>kilovatios: 81<\/li>\n<li>DESDE &gt; HASTA: 2020 &gt; <\/li>\n<li>POSICI\u00d3N: TRASERA<\/li>\n<\/ul>\n<p>LEON Sportstourer (KL8) 1.0 TSI:<\/p>\n<ul>\n<li>kilovatios: 81<\/li>\n<li>DESDE &gt; HASTA: 2020 &gt; <\/li>\n<li>POSICI\u00d3N: TRASERA<\/li>\n<\/ul>\n<p>LEON Sportstourer (KL8) 1.0 TSI:<\/p>\n<ul>\n<li>kilovatios: 66<\/li>\n<li>DESDE &gt; HASTA: 2020 &gt; <\/li>\n<li>POSICI\u00d3N: TRASERA<\/li>\n<\/ul>\n<p>LEON Sportstourer (KL8) 1.0 TSI Mild Hybrid:<\/p>\n<ul>\n<li>kilovatios: 81<\/li>\n<li>DESDE &gt; HASTA: 2020 &gt; <\/li>\n<li>POSICI\u00d3N: TRASERA<\/li>\n<\/ul>\n<p>LEON (KL1) 1.4 TSI e-H\u00edbrido:<\/p>\n<ul>\n<li>kilovatios: 150<\/li>\n<li>DESDE &gt; HASTA: 2020 &gt; <\/li>\n<li>POSICI\u00d3N: TRASERA<\/li>\n<\/ul>\n<p>LEON (KL1) 1.4 TSI:<\/p>\n<ul>\n<li>kilovatios: 110<\/li>\n<li>DESDE &gt; HASTA: 2020 &gt; <\/li>\n<li>POSICI\u00d3N: TRASERA<\/li>\n<\/ul>\n<p>LEON Sportstourer (KL8) 1.4 TSI e-H\u00edbrido:<\/p>\n<ul>\n<li>kilovatios: 150<\/li>\n<li>DESDE &gt; HASTA: 2020 &gt; <\/li>\n<li>POSICI\u00d3N: TRASERA<\/li>\n<\/ul>\n<p>LEON (KL1) 1.5 TSI:<\/p>\n<ul>\n<li>kilovatios: 96<\/li>\n<li>DESDE &gt; HASTA: 2019 &gt; <\/li>\n<li>POSICI\u00d3N: TRASERA<\/li>\n<\/ul>\n<p>LEON Sportstourer (KL8) 1.5 TSI:<\/p>\n<ul>\n<li>kilovatios: 96<\/li>\n<li>DESDE &gt; HASTA: 2020 &gt; <\/li>\n<li>POSICI\u00d3N: TRASERA<\/li>\n<\/ul>\n<p>LEON (KL1) 1.5 eTSI:<\/p>\n<ul>\n<li>kilovatios: 110<\/li>\n<li>DESDE &gt; HASTA: 2019 &gt; <\/li>\n<li>POSICI\u00d3N: TRASERA<\/li>\n<\/ul>\n<p>LEON (KL1) 1.5 TSI:<\/p>\n<ul>\n<li>kilovatios: 110<\/li>\n<li>DESDE &gt; HASTA: 2019 &gt; <\/li>\n<li>POSICI\u00d3N: TRASERA<\/li>\n<\/ul>\n<p>LE\u00d3N (KL1) 1.5 TGI GNC:<\/p>\n<ul>\n<li>kilovatios: 96<\/li>\n<li>DESDE &gt; HASTA: 2020 &gt; <\/li>\n<li>POSICI\u00d3N: TRASERA<\/li>\n<\/ul>\n<p>LEON Sportstourer (KL8) 1.5 eTSI:<\/p>\n<ul>\n<li>kilovatios: 110<\/li>\n<li>DESDE &gt; HASTA: 2020 &gt; <\/li>\n<li>POSICI\u00d3N: TRASERA<\/li>\n<\/ul>\n<p>LEON Sportstourer (KL8) 1.5 TSI:<\/p>\n<ul>\n<li>kilovatios: 110<\/li>\n<li>DESDE &gt; HASTA: 2020 &gt; <\/li>\n<li>POSICI\u00d3N: TRASERA<\/li>\n<\/ul>\n<p>LEON Sportstourer (KL8) 1.5 TGi:<\/p>\n<ul>\n<li>kilovatios: 96<\/li>\n<li>DESDE &gt; HASTA: 2021 &gt; <\/li>\n<li>POSICI\u00d3N: TRASERA<\/li>\n<\/ul>\n<p>LEON (KL1) 2.0 TDI:<\/p>\n<ul>\n<li>kilovatios: 85<\/li>\n<li>DESDE &gt; HASTA: 2019 &gt; <\/li>\n<li>POSICI\u00d3N: TRASERA<\/li>\n<\/ul>\n<p>LEON (KL1) 2.0 TDI:<\/p>\n<ul>\n<li>kilovatios: 110<\/li>\n<li>DESDE &gt; HASTA: 2019 &gt; <\/li>\n<li>POSICI\u00d3N: TRASERA<\/li>\n<\/ul>\n<p>LEON Sportstourer (KL8) 2.0 TDI:<\/p>\n<ul>\n<li>kilovatios: 110<\/li>\n<li>DESDE &gt; HASTA: 2020 &gt; <\/li>\n<li>POSICI\u00d3N: TRASERA<\/li>\n<\/ul>\n<p>LEON Sportstourer (KL8) 2.0 TDI:<\/p>\n<ul>\n<li>kilovatios: 85<\/li>\n<li>DESDE &gt; HASTA: 2020 &gt; <\/li>\n<li>POSICI\u00d3N: TRASERA<\/li>\n<\/ul>\n<p>LEON Sportstourer (KL8) 2.0 TDI 4Drive:<\/p>\n<ul>\n<li>kilovatios: 110<\/li>\n<li>DESDE &gt; HASTA: 2020 &gt; <\/li>\n<li>POSICI\u00d3N: TRASERA<\/li>\n<\/ul>\n<p>LEON (KL1) 2.0 TFSI:<\/p>\n<ul>\n<li>kilovatios: 140<\/li>\n<li>DESDE &gt; HASTA: 2021 &gt; <\/li>\n<li>POSICI\u00d3N: TRASERA<\/li>\n<\/ul>\n<p>LEON Sportstourer (KL8) 2.0 TFSI:<\/p>\n<ul>\n<li>kilovatios: 140<\/li>\n<li>DESDE &gt; HASTA: 2021 &gt; <\/li>\n<li>POSICI\u00d3N: TRASERA<\/li>\n<\/ul>\n<\/details>\n<details>\n<summary>SKODA<\/summary>\n<p>OCTAVIA IV (NX3, NN3) 1.0 TSI e-TEC:<\/p>\n<ul>\n<li>kilovatios: 81<\/li>\n<li>DESDE &gt; HASTA: 2020 &gt; <\/li>\n<li>POSICI\u00d3N: TRASERA<\/li>\n<\/ul>\n<p>OCTAVIA IV Combi (NX5) 1.0 TSI e-TEC:<\/p>\n<ul>\n<li>kilovatios: 81<\/li>\n<li>DESDE &gt; HASTA: 2020 &gt; <\/li>\n<li>POSICI\u00d3N: TRASERA<\/li>\n<\/ul>\n<p>OCTAVIA IV (NX3, NN3) 1.4 ETI iV:<\/p>\n<ul>\n<li>kilovatios: 150<\/li>\n<li>DESDE &gt; HASTA: 2020 &gt; <\/li>\n<li>POSICI\u00d3N: TRASERA<\/li>\n<\/ul>\n<p>OCTAVIA IV (NX3, NN3) 1.4 ETI:<\/p>\n<ul>\n<li>kilovatios: 110<\/li>\n<li>DESDE &gt; HASTA: 2021 &gt; <\/li>\n<li>POSICI\u00d3N: TRASERA<\/li>\n<\/ul>\n<p>OCTAVIA IV Combi (NX5) 1.4 TSI:<\/p>\n<ul>\n<li>kilovatios: 110<\/li>\n<li>DESDE &gt; HASTA: 2020 &gt; <\/li>\n<li>POSICI\u00d3N: TRASERA<\/li>\n<\/ul>\n<p>OCTAVIA IV Combi (NX5) 1.4 TSI iV:<\/p>\n<ul>\n<li>kilovatios: 150<\/li>\n<li>DESDE &gt; HASTA: 2020 &gt; <\/li>\n<li>POSICI\u00d3N: TRASERA<\/li>\n<\/ul>\n<p>OCTAVIA IV (NX3, NN3) 1.5 TSI G-TEC:<\/p>\n<ul>\n<li>kilovatios: 96<\/li>\n<li>DESDE &gt; HASTA: 2020 &gt; <\/li>\n<li>POSICI\u00d3N: TRASERA<\/li>\n<\/ul>\n<p>OCTAVIA IV (NX3, NN3) 1.5 TSI e-TEC:<\/p>\n<ul>\n<li>kilovatios: 110<\/li>\n<li>DESDE &gt; HASTA: 2020 &gt; <\/li>\n<li>POSICI\u00d3N: TRASERA<\/li>\n<\/ul>\n<p>OCTAVIA IV Combi (NX5) 1.5 TSI G-TEC:<\/p>\n<ul>\n<li>kilovatios: 96<\/li>\n<li>DESDE &gt; HASTA: 2020 &gt; <\/li>\n<li>POSICI\u00d3N: TRASERA<\/li>\n<\/ul>\n<p>OCTAVIA IV Combi (NX5) 1.5 TSI e-TEC:<\/p>\n<ul>\n<li>kilovatios: 110<\/li>\n<li>DESDE &gt; HASTA: 2020 &gt; <\/li>\n<li>POSICI\u00d3N: TRASERA<\/li>\n<\/ul>\n<p>OCTAVIA IV (NX3, NN3) 1.6 SRE:<\/p>\n<ul>\n<li>kilovatios: 81<\/li>\n<li>DESDE &gt; HASTA: 2020 &gt; <\/li>\n<li>POSICI\u00d3N: TRASERA<\/li>\n<\/ul>\n<p>OCTAVIA IV Combi (NX5) 1.6 SRE:<\/p>\n<ul>\n<li>kilovatios: 81<\/li>\n<li>DESDE &gt; HASTA: 2020 &gt; <\/li>\n<li>POSICI\u00d3N: TRASERA<\/li>\n<\/ul>\n<p>OCTAVIA IV (NX3, NN3) 2.0 TDI:<\/p>\n<ul>\n<li>kilovatios: 105<\/li>\n<li>DESDE &gt; HASTA: 2020 &gt; <\/li>\n<li>POSICI\u00d3N: TRASERA<\/li>\n<\/ul>\n<p>OCTAVIA IV (NX3, NN3) 2.0 TDI RS:<\/p>\n<ul>\n<li>kilovatios: 147<\/li>\n<li>DESDE &gt; HASTA: 2020 &gt; <\/li>\n<li>POSICI\u00d3N: TRASERA<\/li>\n<\/ul>\n<p>OCTAVIA IV (NX3, NN3) 2.0 TDI RS 4\u00d74:<\/p>\n<ul>\n<li>kilovatios: 147<\/li>\n<li>DESDE &gt; HASTA: 2020 &gt; <\/li>\n<li>POSICI\u00d3N: TRASERA<\/li>\n<\/ul>\n<p>OCTAVIA IV (NX3, NN3) 2.0 TDI 4\u00d74:<\/p>\n<ul>\n<li>kilovatios: 110<\/li>\n<li>DESDE &gt; HASTA: 2020 &gt; <\/li>\n<li>POSICI\u00d3N: TRASERA<\/li>\n<\/ul>\n<p>OCTAVIA IV Combi (NX5) 2.0 TDI:<\/p>\n<ul>\n<li>kilovatios: 105<\/li>\n<li>DESDE &gt; HASTA: 2020 &gt; <\/li>\n<li>POSICI\u00d3N: TRASERA<\/li>\n<\/ul>\n<p>OCTAVIA IV Combi (NX5) 2.0 TDI RS:<\/p>\n<ul>\n<li>kilovatios: 147<\/li>\n<li>DESDE &gt; HASTA: 2020 &gt; <\/li>\n<li>POSICI\u00d3N: TRASERA<\/li>\n<\/ul>\n<p>OCTAVIA IV Combi (NX5) 2.0 TDI RS 4\u00d74:<\/p>\n<ul>\n<li>kilovatios: 147<\/li>\n<li>DESDE &gt; HASTA: 2020 &gt; <\/li>\n<li>POSICI\u00d3N: TRASERA<\/li>\n<\/ul>\n<p>OCTAVIA IV Combi (NX5) 2.0 TDI 4\u00d74:<\/p>\n<ul>\n<li>kilovatios: 110<\/li>\n<li>DESDE &gt; HASTA: 2020 &gt; <\/li>\n<li>POSICI\u00d3N: TRASERA<\/li>\n<\/ul>\n<p>OCTAVIA IV (NX3, NN3) 2.0 ETI:<\/p>\n<ul>\n<li>kilovatios: 140<\/li>\n<li>DESDE &gt; HASTA: 2020 &gt; <\/li>\n<li>POSICI\u00d3N: TRASERA<\/li>\n<\/ul>\n<p>OCTAVIA IV (NX3, NN3) 2.0 TSI 4\u00d74:<\/p>\n<ul>\n<li>kilovatios: 140<\/li>\n<li>DESDE &gt; HASTA: 2020 &gt; <\/li>\n<li>POSICI\u00d3N: TRASERA<\/li>\n<\/ul>\n<p>OCTAVIA IV Combi (NX5) 2.0 TSI:<\/p>\n<ul>\n<li>kilovatios: 140<\/li>\n<li>DESDE &gt; HASTA: 2020 &gt; <\/li>\n<li>POSICI\u00d3N: TRASERA<\/li>\n<\/ul>\n<p>OCTAVIA IV Combi (NX5) 2.0 TSI 4\u00d74:<\/p>\n<ul>\n<li>kilovatios: 140<\/li>\n<li>DESDE &gt; HASTA: 2020 &gt; <\/li>\n<li>POSICI\u00d3N: TRASERA<\/li>\n<\/ul>\n<\/details>\n<details>\n<summary>VOLKSWAGEN<\/summary>\n<p>GOLF VIII Variante (CG5) 1.0 TSI:<\/p>\n<ul>\n<li>kilovatios: 81<\/li>\n<li>DESDE &gt; HASTA: 2020 &gt; <\/li>\n<li>POSICI\u00d3N: TRASERA<\/li>\n<\/ul>\n<p>GOLF VIII Variante (CG5) 1.0 TSI:<\/p>\n<ul>\n<li>kilovatios: 66<\/li>\n<li>DESDE &gt; HASTA: 2020 &gt; <\/li>\n<li>POSICI\u00d3N: TRASERA<\/li>\n<\/ul>\n<p>Variante GOLF VIII (CG5) 1.0 eTSI:<\/p>\n<ul>\n<li>kilovatios: 81<\/li>\n<li>DESDE &gt; HASTA: 2020 &gt; <\/li>\n<li>POSICI\u00d3N: TRASERA<\/li>\n<\/ul>\n<p>Variante GOLF VIII (CG5) 1.5 TSI:<\/p>\n<ul>\n<li>kilovatios: 96<\/li>\n<li>DESDE &gt; HASTA: 2020 &gt; <\/li>\n<li>POSICI\u00d3N: TRASERA<\/li>\n<\/ul>\n<p>Variante GOLF VIII (CG5) 1.5 eTSI:<\/p>\n<ul>\n<li>kilovatios: 96<\/li>\n<li>DESDE &gt; HASTA: 2020 &gt; <\/li>\n<li>POSICI\u00d3N: TRASERA<\/li>\n<\/ul>\n<p>GOLF VIII (CD1) 1.5 eTSI:<\/p>\n<ul>\n<li>kilovatios: 96<\/li>\n<li>DESDE &gt; HASTA: 2023 &gt; <\/li>\n<li>POSICI\u00d3N: TRASERA<\/li>\n<\/ul>\n<p>Variante GOLF VIII (CG5) 1.5 TSI:<\/p>\n<ul>\n<li>kilovatios: 110<\/li>\n<li>DESDE &gt; HASTA: 2020 &gt; <\/li>\n<li>POSICI\u00d3N: TRASERA<\/li>\n<\/ul>\n<p>Variante GOLF VIII (CG5) 1.5 eTSI:<\/p>\n<ul>\n<li>kilovatios: 110<\/li>\n<li>DESDE &gt; HASTA: 2020 &gt; <\/li>\n<li>POSICI\u00d3N: TRASERA<\/li>\n<\/ul>\n<p>GOLF VIII (CD1) 2.0 TDI 4motion:<\/p>\n<ul>\n<li>kilovatios: 147<\/li>\n<li>DESDE &gt; HASTA: 2020 &gt; <\/li>\n<li>POSICI\u00d3N: TRASERA<\/li>\n<\/ul>\n<p>GOLF VIII Variante (CG5) 2.0 TDI:<\/p>\n<ul>\n<li>kilovatios: 85<\/li>\n<li>DESDE &gt; HASTA: 2020 &gt; <\/li>\n<li>POSICI\u00d3N: TRASERA<\/li>\n<\/ul>\n<p>GOLF VIII Variante (CG5) 2.0 TDI:<\/p>\n<ul>\n<li>kilovatios: 110<\/li>\n<li>DESDE &gt; HASTA: 2020 &gt; <\/li>\n<li>POSICI\u00d3N: TRASERA<\/li>\n<\/ul>\n<p>GOLF ALLTRACK VIII (CG5) 2.0 TSI 4motion:<\/p>\n<ul>\n<li>kilovatios: 140<\/li>\n<li>DESDE &gt; HASTA: 2021 &gt; <\/li>\n<li>POSICI\u00d3N: TRASERA<\/li>\n<\/ul>\n<\/details>","protected":false},"excerpt":{"rendered":"<p><strong>FCP5356<\/strong><\/p>\n<p>\n<b>Compuesto: DS2500 <\/b><br \/>SIN CERTIFICACI\u00d3N R90 <a data-boundary=\"window\" data-toggle=\"tooltip\" data-trigger=\"hover focus click\" style=\"color:red;cursor:pointer\" title=\"Este compuesto no est\u00e1 recomendado para uso en carretera en aquellos pa\u00edses que requieren certificaci\u00f3n R90.\"><br \/>\n<i class=\"fas fa-info-circle\"><\/i><br \/>\n<\/a><br \/>Para: D\u00eda de pista, uso ligero en carreras, GT trasero<br \/>Temperatura de funcionamiento \u00f3ptima: 0\u00b0 a 500\u00b0C\n                                                                                                                                            <\/p>","protected":false},"featured_media":85491,"template":"","meta":{"_crdt_document":"","inline_featured_image":false},"product_brand":[467],"product_cat":[116],"product_tag":[],"class_list":{"0":"post-85496","1":"product","2":"type-product","3":"status-publish","4":"has-post-thumbnail","6":"product_brand-ferodo-racing","7":"product_cat-brake-pads","9":"first","10":"instock","11":"sale","12":"taxable","13":"shipping-taxable","14":"purchasable","15":"product-type-simple"},"supplier_id":null,"supplier_sku":"","barcode":null,"atum_controlled":false,"out_stock_date":null,"out_stock_threshold":null,"inheritable":false,"inbound_stock":null,"stock_on_hold":null,"sold_today":null,"sales_last_days":null,"reserved_stock":null,"customer_returns":null,"warehouse_damage":null,"lost_in_post":null,"other_logs":null,"out_stock_days":null,"lost_sales":null,"has_location":null,"update_date":"2026-04-22T09:37:02","atum_locations":[],"atum_stock_status":"instock","restock_status":false,"low_stock_amount":"","sales_update_date":null,"calc_backorders":null,"_links":{"self":[{"href":"https:\/\/revmatch.eu\/es\/wp-json\/wp\/v2\/product\/85496","targetHints":{"allow":["GET"]}}],"collection":[{"href":"https:\/\/revmatch.eu\/es\/wp-json\/wp\/v2\/product"}],"about":[{"href":"https:\/\/revmatch.eu\/es\/wp-json\/wp\/v2\/types\/product"}],"version-history":[{"count":1,"href":"https:\/\/revmatch.eu\/es\/wp-json\/wp\/v2\/product\/85496\/revisions"}],"predecessor-version":[{"id":85779,"href":"https:\/\/revmatch.eu\/es\/wp-json\/wp\/v2\/product\/85496\/revisions\/85779"}],"wp:featuredmedia":[{"embeddable":true,"href":"https:\/\/revmatch.eu\/es\/wp-json\/wp\/v2\/media\/85491"}],"wp:attachment":[{"href":"https:\/\/revmatch.eu\/es\/wp-json\/wp\/v2\/media?parent=85496"}],"wp:term":[{"taxonomy":"product_brand","embeddable":true,"href":"https:\/\/revmatch.eu\/es\/wp-json\/wp\/v2\/product_brand?post=85496"},{"taxonomy":"product_cat","embeddable":true,"href":"https:\/\/revmatch.eu\/es\/wp-json\/wp\/v2\/product_cat?post=85496"},{"taxonomy":"product_tag","embeddable":true,"href":"https:\/\/revmatch.eu\/es\/wp-json\/wp\/v2\/product_tag?post=85496"}],"curies":[{"name":"wp","href":"https:\/\/api.w.org\/{rel}","templated":true}]}}